{"id":9,"date":"2023-12-15T01:12:46","date_gmt":"2023-12-15T01:12:46","guid":{"rendered":"https:\/\/blscharter.de\/?page_id=9"},"modified":"2024-01-05T16:30:31","modified_gmt":"2024-01-05T16:30:31","slug":"start","status":"publish","type":"page","link":"https:\/\/blscharter.de\/","title":{"rendered":"Start"},"content":{"rendered":"\n<figure class=\"wp-block-image alignwide size-large\"><img loading=\"lazy\" decoding=\"async\" width=\"1024\" height=\"451\" src=\"https:\/\/blscharter.de\/wp-content\/uploads\/2024\/01\/cartransport_germany_egypt-2-1024x451.jpg\" alt=\"\" class=\"wp-image-160\" srcset=\"https:\/\/blscharter.de\/wp-content\/uploads\/2024\/01\/cartransport_germany_egypt-2-1024x451.jpg 1024w, https:\/\/blscharter.de\/wp-content\/uploads\/2024\/01\/cartransport_germany_egypt-2-300x132.jpg 300w, https:\/\/blscharter.de\/wp-content\/uploads\/2024\/01\/cartransport_germany_egypt-2-768x338.jpg 768w, https:\/\/blscharter.de\/wp-content\/uploads\/2024\/01\/cartransport_germany_egypt-2-1536x676.jpg 1536w, https:\/\/blscharter.de\/wp-content\/uploads\/2024\/01\/cartransport_germany_egypt-2-2048x901.jpg 2048w\" sizes=\"auto, (max-width: 1024px) 100vw, 1024px\" \/><\/figure>\n\n\n\n<h2 class=\"wp-block-heading has-text-align-center\"><strong>Internationale Autotransporte<\/strong><\/h2>\n\n\n\n<p class=\"has-medium-font-size\">Wir bieten Ihnen eine Gesamtl\u00f6sung f\u00fcr Ihre Fahzeugversendung, z.B. von Deutschland nach \u00c4gypten. Ob Fahrzeugtransporter (RoRo) oder Containerverschiffung. Unser Unternehmen sorgt f\u00fcr einen sicheren und unkomplizierten Transport Ihrer Fahrzeuge, ob Neu- oder Gebrauchtfahrzeuge. Gerne dokumentieren wir alle Vorg\u00e4nge und informieren Sie regelm\u00e4\u00dfig. Auf Wunsch senden wir Ihnen Fotos oder Videos.<\/p>\n\n\n<div class=\"wp-block-image\">\n<figure class=\"aligncenter size-full\"><img loading=\"lazy\" decoding=\"async\" width=\"1015\" height=\"385\" src=\"https:\/\/blscharter.de\/wp-content\/uploads\/2023\/12\/spareparts_start_this.png\" alt=\"\" class=\"wp-image-125\" srcset=\"https:\/\/blscharter.de\/wp-content\/uploads\/2023\/12\/spareparts_start_this.png 1015w, https:\/\/blscharter.de\/wp-content\/uploads\/2023\/12\/spareparts_start_this-300x114.png 300w, https:\/\/blscharter.de\/wp-content\/uploads\/2023\/12\/spareparts_start_this-768x291.png 768w\" sizes=\"auto, (max-width: 1015px) 100vw, 1015px\" \/><\/figure><\/div>\n\n\n<p class=\"has-medium-font-size\">Bei Bedarf \u00fcbernehmen wir in Deutschland auch den kompletten <strong><a href=\"https:\/\/blscharter.de\/?page_id=135\">Fahrzeugankauf<\/a><\/strong> mit Kaufabwicklung. Sie senden uns daf\u00fcr das gew\u00fcnschte Fahrzeugmodell. Oder suchen Sie sich z.B. aus auf mobile.de, autoscout24.de oder welche Plattform Sie gerne nutzen das gew\u00fcnschte Modell aus, wir sorgen f\u00fcr den Rest. <strong><a href=\"https:\/\/blscharter.de\/?page_id=135\">Mehr Informationen\u2026<\/a><\/strong><\/p>\n\n\n<div class=\"wp-block-image\">\n<figure class=\"aligncenter size-large\"><img loading=\"lazy\" decoding=\"async\" width=\"1024\" height=\"517\" src=\"https:\/\/blscharter.de\/wp-content\/uploads\/2023\/12\/containertransport_bls_charter-1024x517.jpg\" alt=\"\" class=\"wp-image-74\" srcset=\"https:\/\/blscharter.de\/wp-content\/uploads\/2023\/12\/containertransport_bls_charter-1024x517.jpg 1024w, https:\/\/blscharter.de\/wp-content\/uploads\/2023\/12\/containertransport_bls_charter-300x151.jpg 300w, https:\/\/blscharter.de\/wp-content\/uploads\/2023\/12\/containertransport_bls_charter-768x387.jpg 768w, https:\/\/blscharter.de\/wp-content\/uploads\/2023\/12\/containertransport_bls_charter-1536x775.jpg 1536w, https:\/\/blscharter.de\/wp-content\/uploads\/2023\/12\/containertransport_bls_charter-2048x1033.jpg 2048w\" sizes=\"auto, (max-width: 1024px) 100vw, 1024px\" \/><\/figure><\/div>\n\n\n<hr class=\"wp-block-separator has-alpha-channel-opacity\"\/>\n\n\n\n<h2 class=\"wp-block-heading has-medium-font-size\">International Car Transport<\/h2>\n\n\n\n<p class=\"has-medium-font-size\">We offer a comprehensive solution for your vehicle shipping needs, such as from Germany to Egypt. Whether it&#8217;s vehicle transport (RoRo) or container shipping, our company ensures a safe and straightforward transport of your vehicles, whether they are new or used. We are happy to document all processes and keep you informed regularly. Upon request, we can send you photos or videos.<\/p>\n\n\n\n<p class=\"has-medium-font-size\">Our service: <strong><em>We handle the entire vehicle purchase process for you in Germany or Europe and ship the car worldwide<\/em><\/strong>.<\/p>\n\n\n\n<p class=\"has-medium-font-size\">To do this, you send us the desired vehicle model with the year of manufacture and all desired equipment details. The more precise and accurate, the better and faster it goes. We are happy to send you a corresponding purchase checklist.<\/p>\n\n\n\n<p class=\"has-medium-font-size\">Alternatively, you can send us the offer, i.e., the link from the usual sales platforms, such as mobile.de, autoscout24.de, or any other car sales platform you prefer. We take care of the rest.<\/p>\n\n\n\n<hr class=\"wp-block-separator has-alpha-channel-opacity\"\/>\n\n\n\n<h2 class=\"wp-block-heading\"><br>Transport international de voitures<\/h2>\n\n\n\n<p class=\"has-medium-font-size\">Nous vous proposons une solution compl\u00e8te pour l&#8217;exp\u00e9dition de votre v\u00e9hicule, par exemple de l&#8217;Allemagne vers l&#8217;\u00c9gypte. Qu&#8217;il s&#8217;agisse du transport de v\u00e9hicules (RoRo) ou de l&#8217;exp\u00e9dition en conteneurs, notre entreprise assure un transport s\u00fbr et sans complications de vos v\u00e9hicules, qu&#8217;ils soient neufs ou d&#8217;occasion. Nous sommes heureux de documenter tous les processus et de vous informer r\u00e9guli\u00e8rement. Sur demande, nous pouvons vous envoyer des photos ou des vid\u00e9os.<\/p>\n\n\n\n<p class=\"has-medium-font-size\">Notre service : Nous prenons en charge l&#8217;ensemble de l&#8217;achat de v\u00e9hicules pour vous en Allemagne ou en Europe et exp\u00e9dions la voiture dans le monde entier.<\/p>\n\n\n\n<p class=\"has-medium-font-size\">Pour cela, vous nous envoyez le mod\u00e8le de v\u00e9hicule souhait\u00e9 avec l&#8217;ann\u00e9e de fabrication et tous les d\u00e9tails d&#8217;\u00e9quipement souhait\u00e9s. Plus c&#8217;est pr\u00e9cis et exact, mieux c&#8217;est et plus vite cela va. Nous sommes heureux de vous envoyer une liste de contr\u00f4le d&#8217;achat correspondante.<\/p>\n\n\n\n<p class=\"has-medium-font-size\">En option, vous pouvez nous envoyer l&#8217;offre, c&#8217;est-\u00e0-dire le lien des plates-formes de vente habituelles, telles que mobile.de, autoscout24.de, ou toute autre plate-forme de vente de voitures que vous pr\u00e9f\u00e9rez. Nous nous occupons du reste.<\/p>\n\n\n\n<hr class=\"wp-block-separator has-alpha-channel-opacity\"\/>\n\n\n\n<h2 class=\"wp-block-heading\">Transporte internacional de autom\u00f3viles<\/h2>\n\n\n\n<p class=\"has-medium-font-size\">Ofrecemos una soluci\u00f3n integral para el env\u00edo de su veh\u00edculo, por ejemplo, desde Alemania a Egipto. Ya sea transporte de veh\u00edculos (RoRo) o env\u00edo en contenedores, nuestra empresa garantiza un transporte seguro y sencillo de sus veh\u00edculos, ya sean nuevos o usados. Estamos encantados de documentar todos los procesos e informarle regularmente. Si lo desea, podemos enviarle fotos o videos.<\/p>\n\n\n\n<p class=\"has-medium-font-size\">Nuestro servicio: Nos encargamos de todo el proceso de compra del veh\u00edculo para usted en Alemania o Europa y enviamos o transportamos el autom\u00f3vil a nivel mundial.<\/p>\n\n\n\n<p class=\"has-medium-font-size\">Para ello, env\u00edenos el modelo de veh\u00edculo deseado con el a\u00f1o de fabricaci\u00f3n y todos los detalles de equipamiento deseados. Cuanto m\u00e1s preciso y exacto, mejor y m\u00e1s r\u00e1pido ser\u00e1. Con gusto le enviaremos una lista de verificaci\u00f3n de compra correspondiente.<\/p>\n\n\n\n<p class=\"has-medium-font-size\">Como opci\u00f3n, puede enviarnos la oferta, es decir, el enlace de las plataformas de venta habituales, como mobile.de, autoscout24.de o cualquier otra plataforma de venta de autom\u00f3viles que prefiera. Nosotros nos encargamos del resto.<\/p>\n\n\n\n<hr class=\"wp-block-separator has-alpha-channel-opacity\"\/>\n\n\n\n<h2 class=\"wp-block-heading\">\u041c\u0435\u0436\u0434\u0443\u043d\u0430\u0440\u043e\u0434\u043d\u0430\u044f \u043f\u0435\u0440\u0435\u0432\u043e\u0437\u043a\u0430 \u0430\u0432\u0442\u043e\u043c\u043e\u0431\u0438\u043b\u0435\u0439<\/h2>\n\n\n\n<p class=\"has-medium-font-size\">\u041c\u044b \u043f\u0440\u0435\u0434\u043b\u0430\u0433\u0430\u0435\u043c \u0432\u0430\u043c \u043a\u043e\u043c\u043f\u043b\u0435\u043a\u0441\u043d\u043e\u0435 \u0440\u0435\u0448\u0435\u043d\u0438\u0435 \u0434\u043b\u044f \u043f\u0435\u0440\u0435\u0432\u043e\u0437\u043a\u0438 \u0432\u0430\u0448\u0435\u0433\u043e \u0430\u0432\u0442\u043e\u043c\u043e\u0431\u0438\u043b\u044f, \u043d\u0430\u043f\u0440\u0438\u043c\u0435\u0440, \u0438\u0437 \u0413\u0435\u0440\u043c\u0430\u043d\u0438\u0438 \u0432 \u0415\u0433\u0438\u043f\u0435\u0442. \u0411\u0443\u0434\u044c \u0442\u043e \u0442\u0440\u0430\u043d\u0441\u043f\u043e\u0440\u0442\u0438\u0440\u043e\u0432\u043a\u0430 \u0430\u0432\u0442\u043e\u043c\u043e\u0431\u0438\u043b\u0435\u0439 (RoRo) \u0438\u043b\u0438 \u043c\u043e\u0440\u0441\u043a\u0430\u044f \u043f\u0435\u0440\u0435\u0432\u043e\u0437\u043a\u0430 \u0432 \u043a\u043e\u043d\u0442\u0435\u0439\u043d\u0435\u0440\u0430\u0445, \u043d\u0430\u0448\u0430 \u043a\u043e\u043c\u043f\u0430\u043d\u0438\u044f \u043e\u0431\u0435\u0441\u043f\u0435\u0447\u0438\u0432\u0430\u0435\u0442 \u0431\u0435\u0437\u043e\u043f\u0430\u0441\u043d\u0443\u044e \u0438 \u043f\u0440\u043e\u0441\u0442\u0443\u044e \u0442\u0440\u0430\u043d\u0441\u043f\u043e\u0440\u0442\u0438\u0440\u043e\u0432\u043a\u0443 \u0432\u0430\u0448\u0438\u0445 \u0430\u0432\u0442\u043e\u043c\u043e\u0431\u0438\u043b\u0435\u0439, \u0431\u0443\u0434\u044c \u0442\u043e \u043d\u043e\u0432\u044b\u0435 \u0438\u043b\u0438 \u043f\u043e\u0434\u0435\u0440\u0436\u0430\u043d\u043d\u044b\u0435. \u041c\u044b \u0441 \u0443\u0434\u043e\u0432\u043e\u043b\u044c\u0441\u0442\u0432\u0438\u0435\u043c \u0434\u043e\u043a\u0443\u043c\u0435\u043d\u0442\u0438\u0440\u0443\u0435\u043c \u0432\u0441\u0435 \u043f\u0440\u043e\u0446\u0435\u0441\u0441\u044b \u0438 \u0440\u0435\u0433\u0443\u043b\u044f\u0440\u043d\u043e \u0438\u043d\u0444\u043e\u0440\u043c\u0438\u0440\u0443\u0435\u043c \u0432\u0430\u0441. \u041f\u043e \u0437\u0430\u043f\u0440\u043e\u0441\u0443 \u043c\u044b \u043c\u043e\u0436\u0435\u043c \u043e\u0442\u043f\u0440\u0430\u0432\u0438\u0442\u044c \u0432\u0430\u043c \u0444\u043e\u0442\u043e\u0433\u0440\u0430\u0444\u0438\u0438 \u0438\u043b\u0438 \u0432\u0438\u0434\u0435\u043e.<\/p>\n\n\n\n<p class=\"has-medium-font-size\">\u041d\u0430\u0448 \u0441\u0435\u0440\u0432\u0438\u0441: \u041c\u044b \u0431\u0435\u0440\u0435\u043c \u043d\u0430 \u0441\u0435\u0431\u044f \u0432\u0435\u0441\u044c \u043f\u0440\u043e\u0446\u0435\u0441\u0441 \u043f\u043e\u043a\u0443\u043f\u043a\u0438 \u0430\u0432\u0442\u043e\u043c\u043e\u0431\u0438\u043b\u044f \u0434\u043b\u044f \u0432\u0430\u0441 \u0432 \u0413\u0435\u0440\u043c\u0430\u043d\u0438\u0438 \u0438\u043b\u0438 \u0415\u0432\u0440\u043e\u043f\u0435 \u0438 \u043e\u0442\u043f\u0440\u0430\u0432\u043b\u044f\u0435\u043c \u0430\u0432\u0442\u043e\u043c\u043e\u0431\u0438\u043b\u044c \u043f\u043e \u0432\u0441\u0435\u043c\u0443 \u043c\u0438\u0440\u0443.<\/p>\n\n\n\n<p class=\"has-medium-font-size\">\u0414\u043b\u044f \u044d\u0442\u043e\u0433\u043e \u043e\u0442\u043f\u0440\u0430\u0432\u044c\u0442\u0435 \u043d\u0430\u043c \u0436\u0435\u043b\u0430\u0435\u043c\u0443\u044e \u043c\u043e\u0434\u0435\u043b\u044c \u0430\u0432\u0442\u043e\u043c\u043e\u0431\u0438\u043b\u044f \u0441 \u0433\u043e\u0434\u043e\u043c \u0432\u044b\u043f\u0443\u0441\u043a\u0430 \u0438 \u0432\u0441\u0435\u043c\u0438 \u0436\u0435\u043b\u0430\u0435\u043c\u044b\u043c\u0438 \u0434\u0435\u0442\u0430\u043b\u044f\u043c\u0438 \u043e\u0431\u043e\u0440\u0443\u0434\u043e\u0432\u0430\u043d\u0438\u044f. \u0427\u0435\u043c \u0442\u043e\u0447\u043d\u0435\u0435 \u0438 \u0430\u043a\u043a\u0443\u0440\u0430\u0442\u043d\u0435\u0435, \u0442\u0435\u043c \u043b\u0443\u0447\u0448\u0435 \u0438 \u0431\u044b\u0441\u0442\u0440\u0435\u0435. \u0421 \u0443\u0434\u043e\u0432\u043e\u043b\u044c\u0441\u0442\u0432\u0438\u0435\u043c \u043e\u0442\u043f\u0440\u0430\u0432\u0438\u043c \u0432\u0430\u043c \u0441\u043e\u043e\u0442\u0432\u0435\u0442\u0441\u0442\u0432\u0443\u044e\u0449\u0438\u0439 \u0447\u0435\u043a-\u043b\u0438\u0441\u0442 \u043f\u043e\u043a\u0443\u043f\u043a\u0438.<\/p>\n\n\n\n<p class=\"has-medium-font-size\">\u041f\u043e \u0436\u0435\u043b\u0430\u043d\u0438\u044e \u0432\u044b \u043c\u043e\u0436\u0435\u0442\u0435 \u043e\u0442\u043f\u0440\u0430\u0432\u0438\u0442\u044c \u043d\u0430\u043c \u043f\u0440\u0435\u0434\u043b\u043e\u0436\u0435\u043d\u0438\u0435, \u0442\u043e \u0435\u0441\u0442\u044c \u0441\u0441\u044b\u043b\u043a\u0443 \u0441 \u043e\u0431\u044b\u0447\u043d\u044b\u0445 \u043f\u043b\u0430\u0442\u0444\u043e\u0440\u043c \u043f\u0440\u043e\u0434\u0430\u0436, \u0442\u0430\u043a\u0438\u0445 \u043a\u0430\u043a mobile.de, autoscout24.de \u0438\u043b\u0438 \u043b\u044e\u0431\u043e\u0439 \u0434\u0440\u0443\u0433\u043e\u0439 \u043f\u043b\u0430\u0442\u0444\u043e\u0440\u043c\u044b \u043f\u0440\u043e\u0434\u0430\u0436 \u0430\u0432\u0442\u043e\u043c\u043e\u0431\u0438\u043b\u0435\u0439, \u043a\u043e\u0442\u043e\u0440\u0443\u044e \u0432\u044b \u043f\u0440\u0435\u0434\u043f\u043e\u0447\u0438\u0442\u0430\u0435\u0442\u0435. \u041c\u044b \u043f\u043e\u0437\u0430\u0431\u043e\u0442\u0438\u043c\u0441\u044f \u043e \u0432\u0441\u0435\u043c \u043e\u0441\u0442\u0430\u043b\u044c\u043d\u043e\u043c.<\/p>\n\n\n\n<hr class=\"wp-block-separator has-alpha-channel-opacity\"\/>\n\n\n\n<h2 class=\"wp-block-heading\">\u0646\u0642\u0644 \u0627\u0644\u0633\u064a\u0627\u0631\u0627\u062a \u0627\u0644\u062f\u0648\u0644\u064a<\/h2>\n\n\n\n<p>\u0646\u0642\u062f\u0645 \u0644\u0643 \u062d\u0644\u0627\u064b \u0634\u0627\u0645\u0644\u0627\u064b \u0644\u0634\u062d\u0646 \u0633\u064a\u0627\u0631\u062a\u0643 \u060c \u0645\u062b\u0644 \u0645\u0646 \u0623\u0644\u0645\u0627\u0646\u064a\u0627 \u0625\u0644\u0649 \u0645\u0635\u0631. \u0633\u0648\u0627\u0621 \u0643\u0627\u0646\u062a \u0646\u0642\u0644 \u0627\u0644\u0633\u064a\u0627\u0631\u0627\u062a (RoRo) \u0623\u0648 \u0634\u062d\u0646 \u0627\u0644\u062d\u0627\u0648\u064a\u0627\u062a \u060c \u062a\u0636\u0645\u0646 \u0634\u0631\u0643\u062a\u0646\u0627 \u0646\u0642\u0644 \u0622\u0645\u0646 \u0648\u0633\u0647\u0644 \u0644\u0633\u064a\u0627\u0631\u0627\u062a\u0643 \u060c \u0633\u0648\u0627\u0621 \u0643\u0627\u0646\u062a \u062c\u062f\u064a\u062f\u0629 \u0623\u0648 \u0645\u0633\u062a\u0639\u0645\u0644\u0629. \u0646\u062d\u0646 \u0633\u0639\u062f\u0627\u0621 \u0628\u062a\u0648\u062b\u064a\u0642 \u062c\u0645\u064a\u0639 \u0627\u0644\u0639\u0645\u0644\u064a\u0627\u062a \u0648\u0625\u0637\u0644\u0627\u0639\u0643 \u0628\u0627\u0646\u062a\u0638\u0627\u0645. \u0628\u0646\u0627\u0621\u064b \u0639\u0644\u0649 \u0627\u0644\u0637\u0644\u0628 \u060c \u064a\u0645\u0643\u0646\u0646\u0627 \u0625\u0631\u0633\u0627\u0644 \u0644\u0643 \u0635\u0648\u0631\u064b\u0627 \u0623\u0648 \u0641\u064a\u062f\u064a\u0648\u0647\u0627\u062a.<\/p>\n\n\n\n<p>\u062e\u062f\u0645\u062a\u0646\u0627: \u0646\u062a\u0648\u0644\u0649 \u0639\u0645\u0644\u064a\u0629 \u0634\u0631\u0627\u0621 \u0627\u0644\u0633\u064a\u0627\u0631\u0629 \u0628\u0623\u0643\u0645\u0644\u0647\u0627 \u0644\u0643 \u0641\u064a \u0623\u0644\u0645\u0627\u0646\u064a\u0627 \u0623\u0648 \u0623\u0648\u0631\u0648\u0628\u0627 \u0648\u0646\u0631\u0633\u0644 \u0627\u0644\u0633\u064a\u0627\u0631\u0629 \u0625\u0644\u0649 \u062c\u0645\u064a\u0639 \u0623\u0646\u062d\u0627\u0621 \u0627\u0644\u0639\u0627\u0644\u0645.<\/p>\n\n\n\n<p>\u0644\u0644\u0642\u064a\u0627\u0645 \u0628\u0630\u0644\u0643 \u060c \u0623\u0631\u0633\u0644 \u0644\u0646\u0627 \u0627\u0644\u0637<\/p>\n\n\n\n<p class=\"has-medium-font-size\"><\/p>\n","protected":false},"excerpt":{"rendered":"<p>Internationale Autotransporte Wir bieten Ihnen eine Gesamtl\u00f6sung f\u00fcr Ihre Fahzeugversendung, z.B. von Deutschland nach \u00c4gypten. Ob Fahrzeugtransporter (RoRo) oder Containerverschiffung. Unser Unternehmen sorgt f\u00fcr einen sicheren und unkomplizierten Transport Ihrer Fahrzeuge, ob Neu- oder Gebrauchtfahrzeuge. Gerne dokumentieren wir alle Vorg\u00e4nge und informieren Sie regelm\u00e4\u00dfig. Auf Wunsch senden wir Ihnen Fotos oder Videos. Bei Bedarf \u00fcbernehmen [&hellip;]<\/p>\n","protected":false},"author":1,"featured_media":0,"parent":0,"menu_order":0,"comment_status":"closed","ping_status":"closed","template":"","meta":{"footnotes":""},"class_list":["post-9","page","type-page","status-publish","czr-hentry"],"_links":{"self":[{"href":"https:\/\/blscharter.de\/index.php?rest_route=\/wp\/v2\/pages\/9","targetHints":{"allow":["GET"]}}],"collection":[{"href":"https:\/\/blscharter.de\/index.php?rest_route=\/wp\/v2\/pages"}],"about":[{"href":"https:\/\/blscharter.de\/index.php?rest_route=\/wp\/v2\/types\/page"}],"author":[{"embeddable":true,"href":"https:\/\/blscharter.de\/index.php?rest_route=\/wp\/v2\/users\/1"}],"replies":[{"embeddable":true,"href":"https:\/\/blscharter.de\/index.php?rest_route=%2Fwp%2Fv2%2Fcomments&post=9"}],"version-history":[{"count":25,"href":"https:\/\/blscharter.de\/index.php?rest_route=\/wp\/v2\/pages\/9\/revisions"}],"predecessor-version":[{"id":175,"href":"https:\/\/blscharter.de\/index.php?rest_route=\/wp\/v2\/pages\/9\/revisions\/175"}],"wp:attachment":[{"href":"https:\/\/blscharter.de\/index.php?rest_route=%2Fwp%2Fv2%2Fmedia&parent=9"}],"curies":[{"name":"wp","href":"https:\/\/api.w.org\/{rel}","templated":true}]}}